{"id":810,"date":"2022-01-29T19:54:42","date_gmt":"2022-01-29T19:54:42","guid":{"rendered":"https:\/\/kotter-mo.de\/?page_id=810"},"modified":"2023-08-20T12:12:46","modified_gmt":"2023-08-20T12:12:46","slug":"ventilmontagetool","status":"publish","type":"page","link":"https:\/\/kotter-mo.de\/en\/ventilmontagetool\/","title":{"rendered":"FittingTool RTPMS"},"content":{"rendered":"<div data-elementor-type=\"wp-page\" data-elementor-id=\"810\" class=\"elementor elementor-810\" data-elementor-post-type=\"page\">\n\t\t\t\t\t\t<section class=\"elementor-section elementor-top-section elementor-element elementor-element-102f47f5 elementor-section-content-middle elementor-section-boxed elementor-section-height-default elementor-section-height-default\" data-id=\"102f47f5\" data-element_type=\"section\" data-settings=\"{&quot;background_background&quot;:&quot;classic&quot;}\">\n\t\t\t\t\t\t\t<div class=\"elementor-background-overlay\"><\/div>\n\t\t\t\t\t\t\t<div class=\"elementor-container elementor-column-gap-no\">\n\t\t\t\t\t<div class=\"elementor-column elementor-col-100 elementor-top-column elementor-element elementor-element-28ed9a5d\" data-id=\"28ed9a5d\" data-element_type=\"column\">\n\t\t\t<div class=\"elementor-widget-wrap\">\n\t\t\t\t\t\t\t<\/div>\n\t\t<\/div>\n\t\t\t\t\t<\/div>\n\t\t<\/section>\n\t\t\t\t<section class=\"elementor-section elementor-top-section elementor-element elementor-element-589514b0 elementor-section-boxed elementor-section-height-default elementor-section-height-default\" data-id=\"589514b0\" data-element_type=\"section\">\n\t\t\t\t\t\t<div class=\"elementor-container elementor-column-gap-default\">\n\t\t\t\t\t<div class=\"elementor-column elementor-col-100 elementor-top-column elementor-element elementor-element-e928417\" data-id=\"e928417\" data-element_type=\"column\">\n\t\t\t<div class=\"elementor-widget-wrap elementor-element-populated\">\n\t\t\t\t\t\t<div class=\"elementor-element elementor-element-440d25f2 elementor-widget elementor-widget-spacer\" data-id=\"440d25f2\" data-element_type=\"widget\" data-widget_type=\"spacer.default\">\n\t\t\t\t<div class=\"elementor-widget-container\">\n\t\t\t\t\t\t\t<div class=\"elementor-spacer\">\n\t\t\t<div class=\"elementor-spacer-inner\"><\/div>\n\t\t<\/div>\n\t\t\t\t\t\t<\/div>\n\t\t\t\t<\/div>\n\t\t\t\t<div class=\"elementor-element elementor-element-7d831ede elementor-widget elementor-widget-heading\" data-id=\"7d831ede\" data-element_type=\"widget\" data-widget_type=\"heading.default\">\n\t\t\t\t<div class=\"elementor-widget-container\">\n\t\t\t\t\t<h1 class=\"elementor-heading-title elementor-size-default\">TPMS insertion tools<\/h1>\t\t\t\t<\/div>\n\t\t\t\t<\/div>\n\t\t\t\t<div class=\"elementor-element elementor-element-fdc3d76 elementor-widget elementor-widget-heading\" data-id=\"fdc3d76\" data-element_type=\"widget\" data-widget_type=\"heading.default\">\n\t\t\t\t<div class=\"elementor-widget-container\">\n\t\t\t\t\t<h4 class=\"elementor-heading-title elementor-size-default\">F\u00fcr RDK-Systeme<\/h4>\t\t\t\t<\/div>\n\t\t\t\t<\/div>\n\t\t\t\t<div class=\"elementor-element elementor-element-e066921 elementor-widget elementor-widget-text-editor\" data-id=\"e066921\" data-element_type=\"widget\" data-widget_type=\"text-editor.default\">\n\t\t\t\t<div class=\"elementor-widget-container\">\n\t\t\t\t\t\t\t\t\t<p>S\u00e4mtliche hier gezeigten Einsetzwerkzeuge arbeiten nach dem Push-In-Prinzip.&nbsp;Das hei\u00dft, die Ventile, bei RDK-, TPMS-Transmitter werden mit montierter Ventilkappe in die Felge, exakt fluchtend zur Felgenbohrung eingedr\u00fcckt. Das ergibt bei der Serienmontage einen erheblichen Zeitvorteil.<\/p>\n<p><span style=\"font-style: inherit; color: var(--ast-global-color-3); background-color: var(--ast-global-color-4);\">Die meisten Werkzeuge f\u00fcr Reifendruck-Sensoren wurde speziell entwickelt, um Snap-In- Reifendrucksensoren von Schrader, Antrim (UK) in nahezu alle Felgentypen montieren zu k\u00f6nnen. Mittlerweile sind auch weitere Einsetzwerkzeuge f\u00fcr RDK-Systeme anderer Hersteller lieferbar.&nbsp;<\/span><br><\/p>\t\t\t\t\t\t\t\t<\/div>\n\t\t\t\t<\/div>\n\t\t\t\t\t<\/div>\n\t\t<\/div>\n\t\t\t\t\t<\/div>\n\t\t<\/section>\n\t\t\t\t<section class=\"elementor-section elementor-top-section elementor-element elementor-element-01c64ad elementor-section-boxed elementor-section-height-default elementor-section-height-default\" data-id=\"01c64ad\" data-element_type=\"section\">\n\t\t\t\t\t\t<div class=\"elementor-container elementor-column-gap-default\">\n\t\t\t\t\t<div class=\"elementor-column elementor-col-100 elementor-top-column elementor-element elementor-element-917df01\" data-id=\"917df01\" data-element_type=\"column\">\n\t\t\t<div class=\"elementor-widget-wrap elementor-element-populated\">\n\t\t\t\t\t\t<div class=\"elementor-element elementor-element-03edd6e elementor-widget elementor-widget-gallery\" data-id=\"03edd6e\" data-element_type=\"widget\" data-settings=\"{&quot;columns&quot;:3,&quot;lazyload&quot;:&quot;yes&quot;,&quot;gallery_layout&quot;:&quot;grid&quot;,&quot;columns_tablet&quot;:2,&quot;columns_mobile&quot;:1,&quot;gap&quot;:{&quot;unit&quot;:&quot;px&quot;,&quot;size&quot;:10,&quot;sizes&quot;:[]},&quot;gap_tablet&quot;:{&quot;unit&quot;:&quot;px&quot;,&quot;size&quot;:10,&quot;sizes&quot;:[]},&quot;gap_mobile&quot;:{&quot;unit&quot;:&quot;px&quot;,&quot;size&quot;:10,&quot;sizes&quot;:[]},&quot;link_to&quot;:&quot;file&quot;,&quot;aspect_ratio&quot;:&quot;3:2&quot;,&quot;overlay_background&quot;:&quot;yes&quot;,&quot;content_hover_animation&quot;:&quot;fade-in&quot;}\" data-widget_type=\"gallery.default\">\n\t\t\t\t<div class=\"elementor-widget-container\">\n\t\t\t\t\t\t\t<div class=\"elementor-gallery__container\">\n\t\t\t\t\t\t\t<a class=\"e-gallery-item elementor-gallery-item elementor-animated-content\" href=\"https:\/\/kotter-mo.de\/wp-content\/uploads\/2021\/12\/Ventilmontage-Tool00009.jpg\" data-elementor-open-lightbox=\"yes\" data-elementor-lightbox-slideshow=\"03edd6e\" data-elementor-lightbox-title=\"Ventilmontage-Tool00009\" data-e-action-hash=\"#elementor-action%3Aaction%3Dlightbox%26settings%3DeyJpZCI6NTc2LCJ1cmwiOiJodHRwczpcL1wva290dGVyLW1vLmRlXC93cC1jb250ZW50XC91cGxvYWRzXC8yMDIxXC8xMlwvVmVudGlsbW9udGFnZS1Ub29sMDAwMDkuanBnIiwic2xpZGVzaG93IjoiMDNlZGQ2ZSJ9\">\n\t\t\t\t\t<div class=\"e-gallery-image elementor-gallery-item__image\" data-thumbnail=\"https:\/\/kotter-mo.de\/wp-content\/uploads\/2021\/12\/Ventilmontage-Tool00009-1024x756.jpg\" data-width=\"1024\" data-height=\"756\" aria-label=\"\" role=\"img\" ><\/div>\n\t\t\t\t\t\t\t\t\t\t\t<div class=\"elementor-gallery-item__overlay\"><\/div>\n\t\t\t\t\t\t\t\t\t\t\t\t\t\t<\/a>\n\t\t\t\t\t\t\t<a class=\"e-gallery-item elementor-gallery-item elementor-animated-content\" href=\"https:\/\/kotter-mo.de\/wp-content\/uploads\/2021\/12\/Ventilmontage-Tool00007.jpg\" data-elementor-open-lightbox=\"yes\" data-elementor-lightbox-slideshow=\"03edd6e\" data-elementor-lightbox-title=\"Ventilmontage-Tool00007\" data-e-action-hash=\"#elementor-action%3Aaction%3Dlightbox%26settings%3DeyJpZCI6NTc0LCJ1cmwiOiJodHRwczpcL1wva290dGVyLW1vLmRlXC93cC1jb250ZW50XC91cGxvYWRzXC8yMDIxXC8xMlwvVmVudGlsbW9udGFnZS1Ub29sMDAwMDcuanBnIiwic2xpZGVzaG93IjoiMDNlZGQ2ZSJ9\">\n\t\t\t\t\t<div class=\"e-gallery-image elementor-gallery-item__image\" data-thumbnail=\"https:\/\/kotter-mo.de\/wp-content\/uploads\/2021\/12\/Ventilmontage-Tool00007-1024x755.jpg\" data-width=\"1024\" data-height=\"755\" aria-label=\"\" role=\"img\" ><\/div>\n\t\t\t\t\t\t\t\t\t\t\t<div class=\"elementor-gallery-item__overlay\"><\/div>\n\t\t\t\t\t\t\t\t\t\t\t\t\t\t<\/a>\n\t\t\t\t\t\t\t<a class=\"e-gallery-item elementor-gallery-item elementor-animated-content\" href=\"https:\/\/kotter-mo.de\/wp-content\/uploads\/2021\/12\/Ventilmontage-Tool00012.jpg\" data-elementor-open-lightbox=\"yes\" data-elementor-lightbox-slideshow=\"03edd6e\" data-elementor-lightbox-title=\"Ventilmontage-Tool00012\" data-e-action-hash=\"#elementor-action%3Aaction%3Dlightbox%26settings%3DeyJpZCI6NTc5LCJ1cmwiOiJodHRwczpcL1wva290dGVyLW1vLmRlXC93cC1jb250ZW50XC91cGxvYWRzXC8yMDIxXC8xMlwvVmVudGlsbW9udGFnZS1Ub29sMDAwMTIuanBnIiwic2xpZGVzaG93IjoiMDNlZGQ2ZSJ9\">\n\t\t\t\t\t<div class=\"e-gallery-image elementor-gallery-item__image\" data-thumbnail=\"https:\/\/kotter-mo.de\/wp-content\/uploads\/2021\/12\/Ventilmontage-Tool00012-1024x631.jpg\" data-width=\"1024\" data-height=\"631\" aria-label=\"\" role=\"img\" ><\/div>\n\t\t\t\t\t\t\t\t\t\t\t<div class=\"elementor-gallery-item__overlay\"><\/div>\n\t\t\t\t\t\t\t\t\t\t\t\t\t\t<\/a>\n\t\t\t\t\t\t\t<a class=\"e-gallery-item elementor-gallery-item elementor-animated-content\" href=\"https:\/\/kotter-mo.de\/wp-content\/uploads\/2021\/12\/Ventilmontage-Tool00008.jpg\" data-elementor-open-lightbox=\"yes\" data-elementor-lightbox-slideshow=\"03edd6e\" data-elementor-lightbox-title=\"Ventilmontage-Tool00008\" data-e-action-hash=\"#elementor-action%3Aaction%3Dlightbox%26settings%3DeyJpZCI6NTc1LCJ1cmwiOiJodHRwczpcL1wva290dGVyLW1vLmRlXC93cC1jb250ZW50XC91cGxvYWRzXC8yMDIxXC8xMlwvVmVudGlsbW9udGFnZS1Ub29sMDAwMDguanBnIiwic2xpZGVzaG93IjoiMDNlZGQ2ZSJ9\">\n\t\t\t\t\t<div class=\"e-gallery-image elementor-gallery-item__image\" data-thumbnail=\"https:\/\/kotter-mo.de\/wp-content\/uploads\/2021\/12\/Ventilmontage-Tool00008-1024x756.jpg\" data-width=\"1024\" data-height=\"756\" aria-label=\"\" role=\"img\" ><\/div>\n\t\t\t\t\t\t\t\t\t\t\t<div class=\"elementor-gallery-item__overlay\"><\/div>\n\t\t\t\t\t\t\t\t\t\t\t\t\t\t<\/a>\n\t\t\t\t\t<\/div>\n\t\t\t\t\t<\/div>\n\t\t\t\t<\/div>\n\t\t\t\t\t<\/div>\n\t\t<\/div>\n\t\t\t\t\t<\/div>\n\t\t<\/section>\n\t\t\t\t<section class=\"elementor-section elementor-top-section elementor-element elementor-element-f149b4e elementor-section-boxed elementor-section-height-default elementor-section-height-default\" data-id=\"f149b4e\" data-element_type=\"section\" data-settings=\"{&quot;background_background&quot;:&quot;classic&quot;}\">\n\t\t\t\t\t\t<div class=\"elementor-container elementor-column-gap-default\">\n\t\t\t\t\t<div class=\"elementor-column elementor-col-66 elementor-top-column elementor-element elementor-element-31cf594\" data-id=\"31cf594\" data-element_type=\"column\">\n\t\t\t<div class=\"elementor-widget-wrap elementor-element-populated\">\n\t\t\t\t\t\t<div class=\"elementor-element elementor-element-15653cc4 elementor-widget elementor-widget-heading\" data-id=\"15653cc4\" data-element_type=\"widget\" data-widget_type=\"heading.default\">\n\t\t\t\t<div class=\"elementor-widget-container\">\n\t\t\t\t\t<h3 class=\"elementor-heading-title elementor-size-default\">Do you need help or have questions? Contact us - we will be happy to help you!<\/h3>\t\t\t\t<\/div>\n\t\t\t\t<\/div>\n\t\t\t\t\t<\/div>\n\t\t<\/div>\n\t\t\t\t<div class=\"elementor-column elementor-col-33 elementor-top-column elementor-element elementor-element-f5805b7\" data-id=\"f5805b7\" data-element_type=\"column\">\n\t\t\t<div class=\"elementor-widget-wrap elementor-element-populated\">\n\t\t\t\t\t\t<div class=\"elementor-element elementor-element-1ed9b522 elementor-align-center elementor-widget elementor-widget-button\" data-id=\"1ed9b522\" data-element_type=\"widget\" data-widget_type=\"button.default\">\n\t\t\t\t<div class=\"elementor-widget-container\">\n\t\t\t\t\t\t\t\t\t<div class=\"elementor-button-wrapper\">\n\t\t\t\t\t<a class=\"elementor-button elementor-button-link elementor-size-sm\" href=\"https:\/\/kotter-mo.de\/en\/kontakt\/\">\n\t\t\t\t\t\t<span class=\"elementor-button-content-wrapper\">\n\t\t\t\t\t\t\t\t\t<span class=\"elementor-button-text\">Contact<\/span>\n\t\t\t\t\t<\/span>\n\t\t\t\t\t<\/a>\n\t\t\t\t<\/div>\n\t\t\t\t\t\t\t\t<\/div>\n\t\t\t\t<\/div>\n\t\t\t\t\t<\/div>\n\t\t<\/div>\n\t\t\t\t\t<\/div>\n\t\t<\/section>\n\t\t\t\t<\/div>","protected":false},"excerpt":{"rendered":"<p>TPMS-EinsEtzwerkzeuge F\u00fcr RDK-Systeme S\u00e4mtliche hier gezeigten Einsetzwerkzeuge arbeiten nach dem Push-In-Prinzip.&nbsp;Das hei\u00dft, die Ventile, bei RDK-, TPMS-Transmitter werden mit montierter Ventilkappe in die Felge, exakt fluchtend zur Felgenbohrung eingedr\u00fcckt. Das ergibt bei der Serienmontage einen erheblichen Zeitvorteil. Die meisten Werkzeuge f\u00fcr Reifendruck-Sensoren wurde speziell entwickelt, um Snap-In- Reifendrucksensoren von Schrader, Antrim (UK) in nahezu alle [&hellip;]<\/p>\n","protected":false},"author":1,"featured_media":0,"parent":0,"menu_order":0,"comment_status":"closed","ping_status":"closed","template":"","meta":{"site-sidebar-layout":"no-sidebar","site-content-layout":"page-builder","ast-site-content-layout":"default","site-content-style":"default","site-sidebar-style":"default","ast-global-header-display":"","ast-banner-title-visibility":"","ast-main-header-display":"","ast-hfb-above-header-display":"","ast-hfb-below-header-display":"","ast-hfb-mobile-header-display":"","site-post-title":"disabled","ast-breadcrumbs-content":"","ast-featured-img":"disabled","footer-sml-layout":"","ast-disable-related-posts":"","theme-transparent-header-meta":"","adv-header-id-meta":"","stick-header-meta":"","header-above-stick-meta":"","header-main-stick-meta":"","header-below-stick-meta":"","astra-migrate-meta-layouts":"default","ast-page-background-enabled":"default","ast-page-background-meta":{"desktop":{"background-color":"","background-image":"","background-repeat":"repeat","background-position":"center center","background-size":"auto","background-attachment":"scroll","background-type":"","background-media":"","overlay-type":"","overlay-color":"","overlay-opacity":"","overlay-gradient":""},"tablet":{"background-color":"","background-image":"","background-repeat":"repeat","background-position":"center center","background-size":"auto","background-attachment":"scroll","background-type":"","background-media":"","overlay-type":"","overlay-color":"","overlay-opacity":"","overlay-gradient":""},"mobile":{"background-color":"","background-image":"","background-repeat":"repeat","background-position":"center center","background-size":"auto","background-attachment":"scroll","background-type":"","background-media":"","overlay-type":"","overlay-color":"","overlay-opacity":"","overlay-gradient":""}},"ast-content-background-meta":{"desktop":{"background-color":"var(--ast-global-color-5)","background-image":"","background-repeat":"repeat","background-position":"center center","background-size":"auto","background-attachment":"scroll","background-type":"","background-media":"","overlay-type":"","overlay-color":"","overlay-opacity":"","overlay-gradient":""},"tablet":{"background-color":"var(--ast-global-color-5)","background-image":"","background-repeat":"repeat","background-position":"center center","background-size":"auto","background-attachment":"scroll","background-type":"","background-media":"","overlay-type":"","overlay-color":"","overlay-opacity":"","overlay-gradient":""},"mobile":{"background-color":"var(--ast-global-color-5)","background-image":"","background-repeat":"repeat","background-position":"center center","background-size":"auto","background-attachment":"scroll","background-type":"","background-media":"","overlay-type":"","overlay-color":"","overlay-opacity":"","overlay-gradient":""}},"footnotes":""},"class_list":["post-810","page","type-page","status-publish","hentry"],"_links":{"self":[{"href":"https:\/\/kotter-mo.de\/en\/wp-json\/wp\/v2\/pages\/810","targetHints":{"allow":["GET"]}}],"collection":[{"href":"https:\/\/kotter-mo.de\/en\/wp-json\/wp\/v2\/pages"}],"about":[{"href":"https:\/\/kotter-mo.de\/en\/wp-json\/wp\/v2\/types\/page"}],"author":[{"embeddable":true,"href":"https:\/\/kotter-mo.de\/en\/wp-json\/wp\/v2\/users\/1"}],"replies":[{"embeddable":true,"href":"https:\/\/kotter-mo.de\/en\/wp-json\/wp\/v2\/comments?post=810"}],"version-history":[{"count":67,"href":"https:\/\/kotter-mo.de\/en\/wp-json\/wp\/v2\/pages\/810\/revisions"}],"predecessor-version":[{"id":1394,"href":"https:\/\/kotter-mo.de\/en\/wp-json\/wp\/v2\/pages\/810\/revisions\/1394"}],"wp:attachment":[{"href":"https:\/\/kotter-mo.de\/en\/wp-json\/wp\/v2\/media?parent=810"}],"curies":[{"name":"wp","href":"https:\/\/api.w.org\/{rel}","templated":true}]}}