{"id":1330,"date":"2023-08-09T19:21:04","date_gmt":"2023-08-09T19:21:04","guid":{"rendered":"https:\/\/kotter-mo.de\/?page_id=1330"},"modified":"2023-08-20T12:18:34","modified_gmt":"2023-08-20T12:18:34","slug":"gummiventil-werkzeug","status":"publish","type":"page","link":"https:\/\/kotter-mo.de\/en\/gummiventil-werkzeug\/","title":{"rendered":"Rubber valve assembly"},"content":{"rendered":"<div data-elementor-type=\"wp-page\" data-elementor-id=\"1330\" class=\"elementor elementor-1330\" data-elementor-post-type=\"page\">\n\t\t\t\t\t\t<section class=\"elementor-section elementor-top-section elementor-element elementor-element-6b3b255f elementor-section-content-middle elementor-section-boxed elementor-section-height-default elementor-section-height-default\" data-id=\"6b3b255f\" data-element_type=\"section\" data-settings=\"{&quot;background_background&quot;:&quot;classic&quot;}\">\n\t\t\t\t\t\t\t<div class=\"elementor-background-overlay\"><\/div>\n\t\t\t\t\t\t\t<div class=\"elementor-container elementor-column-gap-no\">\n\t\t\t\t\t<div class=\"elementor-column elementor-col-100 elementor-top-column elementor-element elementor-element-2d74d403\" data-id=\"2d74d403\" data-element_type=\"column\">\n\t\t\t<div class=\"elementor-widget-wrap\">\n\t\t\t\t\t\t\t<\/div>\n\t\t<\/div>\n\t\t\t\t\t<\/div>\n\t\t<\/section>\n\t\t\t\t<section class=\"elementor-section elementor-top-section elementor-element elementor-element-16b40a19 elementor-section-boxed elementor-section-height-default elementor-section-height-default\" data-id=\"16b40a19\" data-element_type=\"section\">\n\t\t\t\t\t\t<div class=\"elementor-container elementor-column-gap-default\">\n\t\t\t\t\t<div class=\"elementor-column elementor-col-100 elementor-top-column elementor-element elementor-element-198f17c7\" data-id=\"198f17c7\" data-element_type=\"column\">\n\t\t\t<div class=\"elementor-widget-wrap elementor-element-populated\">\n\t\t\t\t\t\t<div class=\"elementor-element elementor-element-1fe82034 elementor-widget elementor-widget-spacer\" data-id=\"1fe82034\" data-element_type=\"widget\" data-widget_type=\"spacer.default\">\n\t\t\t\t<div class=\"elementor-widget-container\">\n\t\t\t\t\t\t\t<div class=\"elementor-spacer\">\n\t\t\t<div class=\"elementor-spacer-inner\"><\/div>\n\t\t<\/div>\n\t\t\t\t\t\t<\/div>\n\t\t\t\t<\/div>\n\t\t\t\t<div class=\"elementor-element elementor-element-612ee639 elementor-widget elementor-widget-heading\" data-id=\"612ee639\" data-element_type=\"widget\" data-widget_type=\"heading.default\">\n\t\t\t\t<div class=\"elementor-widget-container\">\n\t\t\t\t\t<h1 class=\"elementor-heading-title elementor-size-default\">Rubber valve assembly<\/h1>\t\t\t\t<\/div>\n\t\t\t\t<\/div>\n\t\t\t\t<div class=\"elementor-element elementor-element-6e2c4557 elementor-widget elementor-widget-text-editor\" data-id=\"6e2c4557\" data-element_type=\"widget\" data-widget_type=\"text-editor.default\">\n\t\t\t\t<div class=\"elementor-widget-container\">\n\t\t\t\t\t\t\t\t\t<p>Manche Fahrzeug Hersteller sind aktuell von den RDK Sensoren auf Gummiventile gewechselt, bei indirektem Kontrollsystem.<\/p>\n<p><span style=\"font-style: inherit; color: var(--ast-global-color-3); background-color: var(--ast-global-color-4); -webkit-text-size-adjust: 100%;\">Das Gummiventil wird im Gegensatz zum Einziehen eingedr\u00fcckt mit montierter Schutzkappe. Das bringt bei der automatisierten komplett Rad Montage einen erheblichen Zeitvorteil.<\/span><\/p>\n<p>Das gezeigte Werkzeug l\u00f6st das Vorg\u00e4ngermodell ab. Es wurde im Design ver\u00e4ndert, die Konstruktion verst\u00e4rkt und der Felgenschutz deutlich verbessert. Das Werkzeug eignet sich gleicherma\u00dfen f\u00fcr Aluminium- und Stahlfelgen. F\u00fcr Stahl Notlaufr\u00e4der ist ebenfalls ein Werkzeug verf\u00fcgbar.<\/p>\t\t\t\t\t\t\t\t<\/div>\n\t\t\t\t<\/div>\n\t\t\t\t\t<\/div>\n\t\t<\/div>\n\t\t\t\t\t<\/div>\n\t\t<\/section>\n\t\t\t\t<section class=\"elementor-section elementor-top-section elementor-element elementor-element-51ff1e65 elementor-section-boxed elementor-section-height-default elementor-section-height-default\" data-id=\"51ff1e65\" data-element_type=\"section\">\n\t\t\t\t\t\t<div class=\"elementor-container elementor-column-gap-default\">\n\t\t\t\t\t<div class=\"elementor-column elementor-col-100 elementor-top-column elementor-element elementor-element-7353d753\" data-id=\"7353d753\" data-element_type=\"column\">\n\t\t\t<div class=\"elementor-widget-wrap elementor-element-populated\">\n\t\t\t\t\t\t<div class=\"elementor-element elementor-element-5bdc36b elementor-widget elementor-widget-gallery\" data-id=\"5bdc36b\" data-element_type=\"widget\" data-settings=\"{&quot;columns&quot;:3,&quot;lazyload&quot;:&quot;yes&quot;,&quot;gallery_layout&quot;:&quot;grid&quot;,&quot;columns_tablet&quot;:2,&quot;columns_mobile&quot;:1,&quot;gap&quot;:{&quot;unit&quot;:&quot;px&quot;,&quot;size&quot;:10,&quot;sizes&quot;:[]},&quot;gap_tablet&quot;:{&quot;unit&quot;:&quot;px&quot;,&quot;size&quot;:10,&quot;sizes&quot;:[]},&quot;gap_mobile&quot;:{&quot;unit&quot;:&quot;px&quot;,&quot;size&quot;:10,&quot;sizes&quot;:[]},&quot;link_to&quot;:&quot;file&quot;,&quot;aspect_ratio&quot;:&quot;3:2&quot;,&quot;overlay_background&quot;:&quot;yes&quot;,&quot;content_hover_animation&quot;:&quot;fade-in&quot;}\" data-widget_type=\"gallery.default\">\n\t\t\t\t<div class=\"elementor-widget-container\">\n\t\t\t\t\t\t\t<div class=\"elementor-gallery__container\">\n\t\t\t\t\t\t\t<a class=\"e-gallery-item elementor-gallery-item elementor-animated-content\" href=\"https:\/\/kotter-mo.de\/wp-content\/uploads\/2023\/08\/TPMS_Einsetzwerkzeug_2.jpg\" data-elementor-open-lightbox=\"yes\" data-elementor-lightbox-slideshow=\"5bdc36b\" data-elementor-lightbox-title=\"TPMS_Einsetzwerkzeug_2\" data-e-action-hash=\"#elementor-action%3Aaction%3Dlightbox%26settings%3DeyJpZCI6MTMxNiwidXJsIjoiaHR0cHM6XC9cL2tvdHRlci1tby5kZVwvd3AtY29udGVudFwvdXBsb2Fkc1wvMjAyM1wvMDhcL1RQTVNfRWluc2V0endlcmt6ZXVnXzIuanBnIiwic2xpZGVzaG93IjoiNWJkYzM2YiJ9\">\n\t\t\t\t\t<div class=\"e-gallery-image elementor-gallery-item__image\" data-thumbnail=\"https:\/\/kotter-mo.de\/wp-content\/uploads\/2023\/08\/TPMS_Einsetzwerkzeug_2.jpg\" data-width=\"600\" data-height=\"400\" aria-label=\"\" role=\"img\" ><\/div>\n\t\t\t\t\t\t\t\t\t\t\t<div class=\"elementor-gallery-item__overlay\"><\/div>\n\t\t\t\t\t\t\t\t\t\t\t\t\t\t<\/a>\n\t\t\t\t\t\t\t<a class=\"e-gallery-item elementor-gallery-item elementor-animated-content\" href=\"https:\/\/kotter-mo.de\/wp-content\/uploads\/2023\/08\/TPMS_Einsetzwerkzeug.jpg\" data-elementor-open-lightbox=\"yes\" data-elementor-lightbox-slideshow=\"5bdc36b\" data-elementor-lightbox-title=\"TPMS_Einsetzwerkzeug\" data-e-action-hash=\"#elementor-action%3Aaction%3Dlightbox%26settings%3DeyJpZCI6MTMxNywidXJsIjoiaHR0cHM6XC9cL2tvdHRlci1tby5kZVwvd3AtY29udGVudFwvdXBsb2Fkc1wvMjAyM1wvMDhcL1RQTVNfRWluc2V0endlcmt6ZXVnLmpwZyIsInNsaWRlc2hvdyI6IjViZGMzNmIifQ%3D%3D\">\n\t\t\t\t\t<div class=\"e-gallery-image elementor-gallery-item__image\" data-thumbnail=\"https:\/\/kotter-mo.de\/wp-content\/uploads\/2023\/08\/TPMS_Einsetzwerkzeug.jpg\" data-width=\"600\" data-height=\"400\" aria-label=\"\" role=\"img\" ><\/div>\n\t\t\t\t\t\t\t\t\t\t\t<div class=\"elementor-gallery-item__overlay\"><\/div>\n\t\t\t\t\t\t\t\t\t\t\t\t\t\t<\/a>\n\t\t\t\t\t<\/div>\n\t\t\t\t\t<\/div>\n\t\t\t\t<\/div>\n\t\t\t\t\t<\/div>\n\t\t<\/div>\n\t\t\t\t\t<\/div>\n\t\t<\/section>\n\t\t\t\t<\/div>","protected":false},"excerpt":{"rendered":"<p>Gummiventil-Montage Manche Fahrzeug Hersteller sind aktuell von den RDK Sensoren auf Gummiventile gewechselt, bei indirektem Kontrollsystem. Das Gummiventil wird im Gegensatz zum Einziehen eingedr\u00fcckt mit montierter Schutzkappe. Das bringt bei der automatisierten komplett Rad Montage einen erheblichen Zeitvorteil. Das gezeigte Werkzeug l\u00f6st das Vorg\u00e4ngermodell ab. Es wurde im Design ver\u00e4ndert, die Konstruktion verst\u00e4rkt und der [&hellip;]<\/p>\n","protected":false},"author":1,"featured_media":0,"parent":0,"menu_order":0,"comment_status":"closed","ping_status":"closed","template":"","meta":{"site-sidebar-layout":"no-sidebar","site-content-layout":"page-builder","ast-site-content-layout":"default","site-content-style":"default","site-sidebar-style":"default","ast-global-header-display":"","ast-banner-title-visibility":"","ast-main-header-display":"","ast-hfb-above-header-display":"","ast-hfb-below-header-display":"","ast-hfb-mobile-header-display":"","site-post-title":"disabled","ast-breadcrumbs-content":"","ast-featured-img":"disabled","footer-sml-layout":"","ast-disable-related-posts":"","theme-transparent-header-meta":"","adv-header-id-meta":"","stick-header-meta":"","header-above-stick-meta":"","header-main-stick-meta":"","header-below-stick-meta":"","astra-migrate-meta-layouts":"default","ast-page-background-enabled":"default","ast-page-background-meta":{"desktop":{"background-color":"","background-image":"","background-repeat":"repeat","background-position":"center center","background-size":"auto","background-attachment":"scroll","background-type":"","background-media":"","overlay-type":"","overlay-color":"","overlay-opacity":"","overlay-gradient":""},"tablet":{"background-color":"","background-image":"","background-repeat":"repeat","background-position":"center center","background-size":"auto","background-attachment":"scroll","background-type":"","background-media":"","overlay-type":"","overlay-color":"","overlay-opacity":"","overlay-gradient":""},"mobile":{"background-color":"","background-image":"","background-repeat":"repeat","background-position":"center center","background-size":"auto","background-attachment":"scroll","background-type":"","background-media":"","overlay-type":"","overlay-color":"","overlay-opacity":"","overlay-gradient":""}},"ast-content-background-meta":{"desktop":{"background-color":"var(--ast-global-color-5)","background-image":"","background-repeat":"repeat","background-position":"center center","background-size":"auto","background-attachment":"scroll","background-type":"","background-media":"","overlay-type":"","overlay-color":"","overlay-opacity":"","overlay-gradient":""},"tablet":{"background-color":"var(--ast-global-color-5)","background-image":"","background-repeat":"repeat","background-position":"center center","background-size":"auto","background-attachment":"scroll","background-type":"","background-media":"","overlay-type":"","overlay-color":"","overlay-opacity":"","overlay-gradient":""},"mobile":{"background-color":"var(--ast-global-color-5)","background-image":"","background-repeat":"repeat","background-position":"center center","background-size":"auto","background-attachment":"scroll","background-type":"","background-media":"","overlay-type":"","overlay-color":"","overlay-opacity":"","overlay-gradient":""}},"footnotes":""},"class_list":["post-1330","page","type-page","status-publish","hentry"],"_links":{"self":[{"href":"https:\/\/kotter-mo.de\/en\/wp-json\/wp\/v2\/pages\/1330","targetHints":{"allow":["GET"]}}],"collection":[{"href":"https:\/\/kotter-mo.de\/en\/wp-json\/wp\/v2\/pages"}],"about":[{"href":"https:\/\/kotter-mo.de\/en\/wp-json\/wp\/v2\/types\/page"}],"author":[{"embeddable":true,"href":"https:\/\/kotter-mo.de\/en\/wp-json\/wp\/v2\/users\/1"}],"replies":[{"embeddable":true,"href":"https:\/\/kotter-mo.de\/en\/wp-json\/wp\/v2\/comments?post=1330"}],"version-history":[{"count":26,"href":"https:\/\/kotter-mo.de\/en\/wp-json\/wp\/v2\/pages\/1330\/revisions"}],"predecessor-version":[{"id":1406,"href":"https:\/\/kotter-mo.de\/en\/wp-json\/wp\/v2\/pages\/1330\/revisions\/1406"}],"wp:attachment":[{"href":"https:\/\/kotter-mo.de\/en\/wp-json\/wp\/v2\/media?parent=1330"}],"curies":[{"name":"wp","href":"https:\/\/api.w.org\/{rel}","templated":true}]}}