{"id":1301,"date":"2023-08-09T18:14:56","date_gmt":"2023-08-09T18:14:56","guid":{"rendered":"https:\/\/kotter-mo.de\/?page_id=1301"},"modified":"2023-08-09T19:09:43","modified_gmt":"2023-08-09T19:09:43","slug":"medizinische-gesichtsmasken-pruefung","status":"publish","type":"page","link":"https:\/\/kotter-mo.de\/en\/medizinische-gesichtsmasken-pruefung\/","title":{"rendered":"Medical face masks"},"content":{"rendered":"<div data-elementor-type=\"wp-page\" data-elementor-id=\"1301\" class=\"elementor elementor-1301\" data-elementor-post-type=\"page\">\n\t\t\t\t\t\t<section class=\"elementor-section elementor-top-section elementor-element elementor-element-255de119 elementor-section-content-middle elementor-section-boxed elementor-section-height-default elementor-section-height-default\" data-id=\"255de119\" data-element_type=\"section\" data-settings=\"{&quot;background_background&quot;:&quot;classic&quot;}\">\n\t\t\t\t\t\t\t<div class=\"elementor-background-overlay\"><\/div>\n\t\t\t\t\t\t\t<div class=\"elementor-container elementor-column-gap-no\">\n\t\t\t\t\t<div class=\"elementor-column elementor-col-100 elementor-top-column elementor-element elementor-element-f8a2233\" data-id=\"f8a2233\" data-element_type=\"column\">\n\t\t\t<div class=\"elementor-widget-wrap\">\n\t\t\t\t\t\t\t<\/div>\n\t\t<\/div>\n\t\t\t\t\t<\/div>\n\t\t<\/section>\n\t\t\t\t<section class=\"elementor-section elementor-top-section elementor-element elementor-element-6e94df7 elementor-section-boxed elementor-section-height-default elementor-section-height-default\" data-id=\"6e94df7\" data-element_type=\"section\">\n\t\t\t\t\t\t<div class=\"elementor-container elementor-column-gap-default\">\n\t\t\t\t\t<div class=\"elementor-column elementor-col-100 elementor-top-column elementor-element elementor-element-4c04691a\" data-id=\"4c04691a\" data-element_type=\"column\">\n\t\t\t<div class=\"elementor-widget-wrap elementor-element-populated\">\n\t\t\t\t\t\t<div class=\"elementor-element elementor-element-6d9784f0 elementor-widget elementor-widget-spacer\" data-id=\"6d9784f0\" data-element_type=\"widget\" data-widget_type=\"spacer.default\">\n\t\t\t\t<div class=\"elementor-widget-container\">\n\t\t\t\t\t\t\t<div class=\"elementor-spacer\">\n\t\t\t<div class=\"elementor-spacer-inner\"><\/div>\n\t\t<\/div>\n\t\t\t\t\t\t<\/div>\n\t\t\t\t<\/div>\n\t\t\t\t<div class=\"elementor-element elementor-element-467eeaee elementor-widget elementor-widget-heading\" data-id=\"467eeaee\" data-element_type=\"widget\" data-widget_type=\"heading.default\">\n\t\t\t\t<div class=\"elementor-widget-container\">\n\t\t\t\t\t<h1 class=\"elementor-heading-title elementor-size-default\">Medizinische Gesichtsmasken Pr\u00fcfverfahren nach EN 14683 \/ ISO 22609<\/h1>\t\t\t\t<\/div>\n\t\t\t\t<\/div>\n\t\t\t\t<div class=\"elementor-element elementor-element-3d157a3e elementor-widget elementor-widget-text-editor\" data-id=\"3d157a3e\" data-element_type=\"widget\" data-widget_type=\"text-editor.default\">\n\t\t\t\t<div class=\"elementor-widget-container\">\n\t\t\t\t\t\t\t\t\t<p>Pr\u00fcfstation f\u00fcr medizinische Gesichtsmasken nach dem Pr\u00fcfverfahren EN 14683 \/ ISO 22609. F\u00fcr weitere Informationen fragen stehen wir Ihnen gerne jederzeit zur Verf\u00fcgung.<\/p>\t\t\t\t\t\t\t\t<\/div>\n\t\t\t\t<\/div>\n\t\t\t\t\t<\/div>\n\t\t<\/div>\n\t\t\t\t\t<\/div>\n\t\t<\/section>\n\t\t\t\t<section class=\"elementor-section elementor-top-section elementor-element elementor-element-4f63cad1 elementor-section-boxed elementor-section-height-default elementor-section-height-default\" data-id=\"4f63cad1\" data-element_type=\"section\">\n\t\t\t\t\t\t<div class=\"elementor-container elementor-column-gap-default\">\n\t\t\t\t\t<div class=\"elementor-column elementor-col-100 elementor-top-column elementor-element elementor-element-5cb160a8\" data-id=\"5cb160a8\" data-element_type=\"column\">\n\t\t\t<div class=\"elementor-widget-wrap elementor-element-populated\">\n\t\t\t\t\t\t<div class=\"elementor-element elementor-element-18c7714c elementor-widget elementor-widget-gallery\" data-id=\"18c7714c\" data-element_type=\"widget\" data-settings=\"{&quot;columns&quot;:3,&quot;lazyload&quot;:&quot;yes&quot;,&quot;gallery_layout&quot;:&quot;grid&quot;,&quot;columns_tablet&quot;:2,&quot;columns_mobile&quot;:1,&quot;gap&quot;:{&quot;unit&quot;:&quot;px&quot;,&quot;size&quot;:10,&quot;sizes&quot;:[]},&quot;gap_tablet&quot;:{&quot;unit&quot;:&quot;px&quot;,&quot;size&quot;:10,&quot;sizes&quot;:[]},&quot;gap_mobile&quot;:{&quot;unit&quot;:&quot;px&quot;,&quot;size&quot;:10,&quot;sizes&quot;:[]},&quot;link_to&quot;:&quot;file&quot;,&quot;aspect_ratio&quot;:&quot;3:2&quot;,&quot;overlay_background&quot;:&quot;yes&quot;,&quot;content_hover_animation&quot;:&quot;fade-in&quot;}\" data-widget_type=\"gallery.default\">\n\t\t\t\t<div class=\"elementor-widget-container\">\n\t\t\t\t\t\t\t<div class=\"elementor-gallery__container\">\n\t\t\t\t\t\t\t<a class=\"e-gallery-item elementor-gallery-item elementor-animated-content\" href=\"https:\/\/kotter-mo.de\/wp-content\/uploads\/2023\/08\/Medizinische-Gesichtsmasken_Pruefverfahren_EN15683_ISO22609.jpg\" data-elementor-open-lightbox=\"yes\" data-elementor-lightbox-slideshow=\"18c7714c\" data-elementor-lightbox-title=\"Medizinische-Gesichtsmasken_Pr\u00fcfverfahren_EN15683_ISO22609\" data-e-action-hash=\"#elementor-action%3Aaction%3Dlightbox%26settings%3DeyJpZCI6MTI4OCwidXJsIjoiaHR0cHM6XC9cL2tvdHRlci1tby5kZVwvd3AtY29udGVudFwvdXBsb2Fkc1wvMjAyM1wvMDhcL01lZGl6aW5pc2NoZS1HZXNpY2h0c21hc2tlbl9QcnVlZnZlcmZhaHJlbl9FTjE1NjgzX0lTTzIyNjA5LmpwZyIsInNsaWRlc2hvdyI6IjE4Yzc3MTRjIn0%3D\">\n\t\t\t\t\t<div class=\"e-gallery-image elementor-gallery-item__image\" data-thumbnail=\"https:\/\/kotter-mo.de\/wp-content\/uploads\/2023\/08\/Medizinische-Gesichtsmasken_Pruefverfahren_EN15683_ISO22609.jpg\" data-width=\"600\" data-height=\"442\" aria-label=\"\" role=\"img\" ><\/div>\n\t\t\t\t\t\t\t\t\t\t\t<div class=\"elementor-gallery-item__overlay\"><\/div>\n\t\t\t\t\t\t\t\t\t\t\t\t\t\t<\/a>\n\t\t\t\t\t\t\t<a class=\"e-gallery-item elementor-gallery-item elementor-animated-content\" href=\"https:\/\/kotter-mo.de\/wp-content\/uploads\/2023\/08\/Medizinische-Gesichtsmasken_Pruefverfahren_EN15683_ISO22609_2.jpg\" data-elementor-open-lightbox=\"yes\" data-elementor-lightbox-slideshow=\"18c7714c\" data-elementor-lightbox-title=\"Medizinische-Gesichtsmasken_Pr\u00fcfverfahren_EN15683_ISO22609_2\" data-e-action-hash=\"#elementor-action%3Aaction%3Dlightbox%26settings%3DeyJpZCI6MTI4NywidXJsIjoiaHR0cHM6XC9cL2tvdHRlci1tby5kZVwvd3AtY29udGVudFwvdXBsb2Fkc1wvMjAyM1wvMDhcL01lZGl6aW5pc2NoZS1HZXNpY2h0c21hc2tlbl9QcnVlZnZlcmZhaHJlbl9FTjE1NjgzX0lTTzIyNjA5XzIuanBnIiwic2xpZGVzaG93IjoiMThjNzcxNGMifQ%3D%3D\">\n\t\t\t\t\t<div class=\"e-gallery-image elementor-gallery-item__image\" data-thumbnail=\"https:\/\/kotter-mo.de\/wp-content\/uploads\/2023\/08\/Medizinische-Gesichtsmasken_Pruefverfahren_EN15683_ISO22609_2-1024x759.jpg\" data-width=\"1024\" data-height=\"759\" aria-label=\"\" role=\"img\" ><\/div>\n\t\t\t\t\t\t\t\t\t\t\t<div class=\"elementor-gallery-item__overlay\"><\/div>\n\t\t\t\t\t\t\t\t\t\t\t\t\t\t<\/a>\n\t\t\t\t\t<\/div>\n\t\t\t\t\t<\/div>\n\t\t\t\t<\/div>\n\t\t\t\t\t<\/div>\n\t\t<\/div>\n\t\t\t\t\t<\/div>\n\t\t<\/section>\n\t\t\t\t<\/div>","protected":false},"excerpt":{"rendered":"<p>Medizinische Gesichtsmasken Pr\u00fcfverfahren nach EN 14683 \/ ISO 22609 Pr\u00fcfstation f\u00fcr medizinische Gesichtsmasken nach dem Pr\u00fcfverfahren EN 14683 \/ ISO 22609. F\u00fcr weitere Informationen fragen stehen wir Ihnen gerne jederzeit zur Verf\u00fcgung.<\/p>","protected":false},"author":1,"featured_media":0,"parent":0,"menu_order":0,"comment_status":"closed","ping_status":"closed","template":"","meta":{"site-sidebar-layout":"no-sidebar","site-content-layout":"page-builder","ast-site-content-layout":"default","site-content-style":"default","site-sidebar-style":"default","ast-global-header-display":"","ast-banner-title-visibility":"","ast-main-header-display":"","ast-hfb-above-header-display":"","ast-hfb-below-header-display":"","ast-hfb-mobile-header-display":"","site-post-title":"disabled","ast-breadcrumbs-content":"","ast-featured-img":"disabled","footer-sml-layout":"","ast-disable-related-posts":"","theme-transparent-header-meta":"","adv-header-id-meta":"","stick-header-meta":"","header-above-stick-meta":"","header-main-stick-meta":"","header-below-stick-meta":"","astra-migrate-meta-layouts":"default","ast-page-background-enabled":"default","ast-page-background-meta":{"desktop":{"background-color":"","background-image":"","background-repeat":"repeat","background-position":"center center","background-size":"auto","background-attachment":"scroll","background-type":"","background-media":"","overlay-type":"","overlay-color":"","overlay-opacity":"","overlay-gradient":""},"tablet":{"background-color":"","background-image":"","background-repeat":"repeat","background-position":"center center","background-size":"auto","background-attachment":"scroll","background-type":"","background-media":"","overlay-type":"","overlay-color":"","overlay-opacity":"","overlay-gradient":""},"mobile":{"background-color":"","background-image":"","background-repeat":"repeat","background-position":"center center","background-size":"auto","background-attachment":"scroll","background-type":"","background-media":"","overlay-type":"","overlay-color":"","overlay-opacity":"","overlay-gradient":""}},"ast-content-background-meta":{"desktop":{"background-color":"var(--ast-global-color-5)","background-image":"","background-repeat":"repeat","background-position":"center center","background-size":"auto","background-attachment":"scroll","background-type":"","background-media":"","overlay-type":"","overlay-color":"","overlay-opacity":"","overlay-gradient":""},"tablet":{"background-color":"var(--ast-global-color-5)","background-image":"","background-repeat":"repeat","background-position":"center center","background-size":"auto","background-attachment":"scroll","background-type":"","background-media":"","overlay-type":"","overlay-color":"","overlay-opacity":"","overlay-gradient":""},"mobile":{"background-color":"var(--ast-global-color-5)","background-image":"","background-repeat":"repeat","background-position":"center center","background-size":"auto","background-attachment":"scroll","background-type":"","background-media":"","overlay-type":"","overlay-color":"","overlay-opacity":"","overlay-gradient":""}},"footnotes":""},"class_list":["post-1301","page","type-page","status-publish","hentry"],"_links":{"self":[{"href":"https:\/\/kotter-mo.de\/en\/wp-json\/wp\/v2\/pages\/1301","targetHints":{"allow":["GET"]}}],"collection":[{"href":"https:\/\/kotter-mo.de\/en\/wp-json\/wp\/v2\/pages"}],"about":[{"href":"https:\/\/kotter-mo.de\/en\/wp-json\/wp\/v2\/types\/page"}],"author":[{"embeddable":true,"href":"https:\/\/kotter-mo.de\/en\/wp-json\/wp\/v2\/users\/1"}],"replies":[{"embeddable":true,"href":"https:\/\/kotter-mo.de\/en\/wp-json\/wp\/v2\/comments?post=1301"}],"version-history":[{"count":9,"href":"https:\/\/kotter-mo.de\/en\/wp-json\/wp\/v2\/pages\/1301\/revisions"}],"predecessor-version":[{"id":1311,"href":"https:\/\/kotter-mo.de\/en\/wp-json\/wp\/v2\/pages\/1301\/revisions\/1311"}],"wp:attachment":[{"href":"https:\/\/kotter-mo.de\/en\/wp-json\/wp\/v2\/media?parent=1301"}],"curies":[{"name":"wp","href":"https:\/\/api.w.org\/{rel}","templated":true}]}}